{"id":90,"date":"2021-09-05T15:54:54","date_gmt":"2021-09-05T15:54:54","guid":{"rendered":"http:\/\/client.webwilly.ca\/homepage\/"},"modified":"2021-11-12T08:26:41","modified_gmt":"2021-11-12T13:26:41","slug":"homepage","status":"publish","type":"page","link":"http:\/\/client.webwilly.ca\/fr\/","title":{"rendered":"Accueil"},"content":{"rendered":"\n<div class=\"wp-block-media-text alignfull has-media-on-the-right is-stacked-on-mobile\"><figure class=\"wp-block-media-text__media\"><img loading=\"lazy\" decoding=\"async\" width=\"1024\" height=\"786\" src=\"http:\/\/client.webwilly.ca\/wp-content\/uploads\/2021\/09\/webwilly-marketing-5-1-1024x786.jpg\" alt=\"\" class=\"wp-image-46 size-full\" srcset=\"http:\/\/client.webwilly.ca\/wp-content\/uploads\/2021\/09\/webwilly-marketing-5-1-1024x786.jpg 1024w, http:\/\/client.webwilly.ca\/wp-content\/uploads\/2021\/09\/webwilly-marketing-5-1-300x230.jpg 300w, http:\/\/client.webwilly.ca\/wp-content\/uploads\/2021\/09\/webwilly-marketing-5-1-768x589.jpg 768w, http:\/\/client.webwilly.ca\/wp-content\/uploads\/2021\/09\/webwilly-marketing-5-1-1536x1179.jpg 1536w, http:\/\/client.webwilly.ca\/wp-content\/uploads\/2021\/09\/webwilly-marketing-5-1.jpg 1668w\" sizes=\"auto, (max-width: 1024px) 100vw, 1024px\" \/><\/figure><div class=\"wp-block-media-text__content\">\n<h1 class=\"wp-block-heading\">Ce th\u00e8me de site Web est gratuit lorsque vous vous abonnez \u00e0 un abonnement d&rsquo;h\u00e9bergement mensuel\u00a0!<\/h1>\n\n\n\n<p>Si vous voulez un nouveau th\u00e8me de site Web pour votre entreprise, vous pouvez acheter le <a href=\"https:\/\/webwilly.ca\/fr\/acheter\/marketing-numerique\/services-de-design-de-site-web\/design-de-site-web\/design-de-page-daccueil-et-theme-de-site-web\/\" target=\"_blank\" rel=\"noreferrer noopener\">service de design de page d&rsquo;accueil et de th\u00e8me de site Web.<\/a><\/p>\n\n\n\n<div class=\"wp-block-buttons is-layout-flex wp-block-buttons-is-layout-flex\">\n<div class=\"wp-block-button\"><a class=\"wp-block-button__link\" href=\"https:\/\/webwilly.ca\/fr\/acheter\/marketing-numerique\/services-de-design-de-site-web\/design-de-site-web\/\">Services de design de sites Web<\/a><\/div>\n<\/div>\n<\/div><\/div>\n\n<div class=\"wp-block-cover alignfull has-theme-primary-background-color has-background-dim\"><div class=\"wp-block-cover__inner-container is-layout-flow wp-block-cover-is-layout-flow\">\n<h2 class=\"has-text-align-center wp-block-heading\"><strong>Pr\u00eat pour un marketing en ligne efficace\u00a0?<\/strong><\/h2>\n\n\n\n<p class=\"has-text-align-center\">D\u00e9veloppez vos affaires en ligne avec webwilly<\/p>\n\n\n\n<div class=\"wp-block-buttons is-content-justification-center is-layout-flex wp-block-buttons-is-layout-flex\">\n<div class=\"wp-block-button is-style-outline is-style-outline--1\"><a class=\"wp-block-button__link has-background\" href=\"https:\/\/webwilly.ca\/fr\/inscription\/\" style=\"background-color:#ffffff\">Inscription<\/a><\/div>\n<\/div>\n\n\n\n<p><\/p>\n<\/div><\/div>\n\n<div style=\"height:100px\" aria-hidden=\"true\" class=\"wp-block-spacer\"><\/div>\n\n<h2 class=\"has-text-align-center wp-block-heading\">Comment acheter un site web avec webwilly ?<\/h2>\n\n<div class=\"wp-block-columns alignwide is-layout-flex wp-container-core-columns-is-layout-9d6595d7 wp-block-columns-is-layout-flex\">\n<div class=\"wp-block-column is-layout-flow wp-block-column-is-layout-flow\">\n<h4 class=\"has-text-align-center wp-block-heading\">Souscrire \u00e0 l&rsquo;h\u00e9bergement de site Web<\/h4>\n\n\n\n<p class=\"has-text-align-center\">En souscrivant \u00e0 un abonnement d&rsquo;h\u00e9bergement de site Web avec webwilly, vous acc\u00e9dez aux services de design de sites Web.<\/p>\n\n\n\n<div class=\"wp-block-buttons is-content-justification-center is-layout-flex wp-block-buttons-is-layout-flex\">\n<div class=\"wp-block-button\"><a class=\"wp-block-button__link\" href=\"https:\/\/webwilly.ca\/fr\/acheter\/marketing-numerique\/services-de-design-de-site-web\/hebergement-et-securite-de-sites-web\/hebergement-et-maintenance-de-site-web\/\">H\u00e9bergement<\/a><\/div>\n<\/div>\n<\/div>\n\n\n\n<div class=\"wp-block-column is-layout-flow wp-block-column-is-layout-flow\">\n<h4 class=\"has-text-align-center wp-block-heading\">Ajouter des pages de site Web \u00e0 votre site Web<\/h4>\n\n\n\n<p class=\"has-text-align-center\">Vous pouvez acheter des pages de site Web individuelles \u00e0 ajouter \u00e0 votre site Web pendant la production et lorsque votre site Web est en ligne.<\/p>\n\n\n\n<div class=\"wp-block-buttons is-content-justification-center is-layout-flex wp-block-buttons-is-layout-flex\">\n<div class=\"wp-block-button\"><a class=\"wp-block-button__link\" href=\"https:\/\/webwilly.ca\/fr\/acheter\/marketing-numerique\/services-de-design-de-site-web\/design-de-site-web\/page-de-site-web\/\">Page de site Web<\/a><\/div>\n<\/div>\n<\/div>\n\n\n\n<div class=\"wp-block-column is-layout-flow wp-block-column-is-layout-flow\">\n<h4 class=\"has-text-align-center wp-block-heading\">Changez le th\u00e8me et la page d&rsquo;accueil de votre site Web<\/h4>\n\n\n\n<p class=\"has-text-align-center\">Vous pouvez acheter un nouveau th\u00e8me pour votre site Web \u00e0 tout moment, il suffit d&rsquo;acheter un th\u00e8me et une page d&rsquo;accueil de site Web.<\/p>\n\n\n\n<div class=\"wp-block-buttons is-content-justification-center is-layout-flex wp-block-buttons-is-layout-flex\">\n<div class=\"wp-block-button\"><a class=\"wp-block-button__link\" href=\"https:\/\/webwilly.ca\/fr\/acheter\/marketing-numerique\/services-de-design-de-site-web\/design-de-site-web\/theme-et-page-daccueil-de-site-web\/\">Th\u00e8me et page d&rsquo;accueil du site Web <\/a><\/div>\n<\/div>\n<\/div>\n<\/div>\n\n<div style=\"height:100px\" aria-hidden=\"true\" class=\"wp-block-spacer\"><\/div>\n\n<div class=\"wp-block-cover alignfull has-theme-primary-background-color has-background-dim\"><div class=\"wp-block-cover__inner-container is-layout-flow wp-block-cover-is-layout-flow\">\n<div class=\"wp-block-buttons is-content-justification-center is-layout-flex wp-block-buttons-is-layout-flex\"><\/div>\n\n\n\n<div class=\"wp-block-columns alignwide is-layout-flex wp-container-core-columns-is-layout-9d6595d7 wp-block-columns-is-layout-flex\">\n<div class=\"wp-block-column is-layout-flow wp-block-column-is-layout-flow\" style=\"flex-basis:66.66%\">\n<h2 class=\"has-text-align-left wp-block-heading\"><strong>Page Contactez-nous<\/strong><\/h2>\n\n\n\n<p>Vous pouvez ajouter diff\u00e9rents formulaires de contact \u00e0 votre site Web.<\/p>\n<\/div>\n\n\n\n<div class=\"wp-block-column is-layout-flow wp-block-column-is-layout-flow\" style=\"flex-basis:33.33%\">\n<div class=\"wp-block-buttons alignwide is-content-justification-center is-layout-flex wp-block-buttons-is-layout-flex\">\n<div class=\"wp-block-button\"><a class=\"wp-block-button__link has-theme-primary-color has-text-color has-background\" href=\"http:\/\/client.webwilly.ca\/fr\/contactez-nous\/\" style=\"background-color:#ffffff\">Contactez-nous<\/a><\/div>\n<\/div>\n<\/div>\n<\/div>\n<\/div><\/div>\n\n<div style=\"height:100px\" aria-hidden=\"true\" class=\"wp-block-spacer\"><\/div>\n\n<div class=\"wp-block-columns alignwide is-layout-flex wp-container-core-columns-is-layout-9d6595d7 wp-block-columns-is-layout-flex\">\n<div class=\"wp-block-column is-layout-flow wp-block-column-is-layout-flow\">\n<h2 class=\"wp-block-heading\"><strong>En savoir plus sur notre blog<\/strong><\/h2>\n\n\n\n<p><strong>Combien co\u00fbte un site Web\u00a0?<\/strong><br\/>Vous pouvez lire notre article de blog honn\u00eate sur le <a href=\"https:\/\/webwilly.ca\/fr\/combien-coute-un-site-web-avec-webwilly\/\" target=\"_blank\" rel=\"noreferrer noopener\">les co\u00fbts d&rsquo;achat et de possession d&rsquo;un site web webwilly<\/a>.<\/p>\n\n\n\n<p><strong>Comment faire la publicit\u00e9 de mon site Web en ligne avec webwilly\u00a0?<\/strong><br\/>Vous pouvez \u00e9galement en savoir plus sur la fa\u00e7on de mener une campagne publicitaire avec webwilly <a href=\"https:\/\/webwilly.ca\/fr\/how-to-run-an-advertising-campaign-from-start-to-finish-with-webwilly\/\" target=\"_blank\" rel=\"noreferrer noopener\">ici<\/a>.<\/p>\n\n\n\n<p><strong>Comment g\u00e9n\u00e9rer des prospects en ligne avec webwilly\u00a0?<\/strong><br\/>Si vous souhaitez apprendre \u00e0 g\u00e9n\u00e9rer des prospects en ligne avec un site web webwilly, <a href=\"https:\/\/webwilly.ca\/fr\/comment-generer-des-leads-en-ligne-avec-webwilly\/\" target=\"_blank\" rel=\"noreferrer noopener\">cliquez ici<\/a> pour lire notre article de blog.<\/p>\n<\/div>\n\n\n\n<div class=\"wp-block-column is-layout-flow wp-block-column-is-layout-flow\">\n<figure class=\"wp-block-image size-full\"><img loading=\"lazy\" decoding=\"async\" width=\"1280\" height=\"853\" src=\"http:\/\/client.webwilly.ca\/wp-content\/uploads\/2021\/09\/webwilly-marketing-4.jpg\" alt=\"\" class=\"wp-image-25\" srcset=\"http:\/\/client.webwilly.ca\/wp-content\/uploads\/2021\/09\/webwilly-marketing-4.jpg 1280w, http:\/\/client.webwilly.ca\/wp-content\/uploads\/2021\/09\/webwilly-marketing-4-300x200.jpg 300w, http:\/\/client.webwilly.ca\/wp-content\/uploads\/2021\/09\/webwilly-marketing-4-1024x682.jpg 1024w, http:\/\/client.webwilly.ca\/wp-content\/uploads\/2021\/09\/webwilly-marketing-4-768x512.jpg 768w, http:\/\/client.webwilly.ca\/wp-content\/uploads\/2021\/09\/webwilly-marketing-4-600x400.jpg 600w\" sizes=\"auto, (max-width: 1280px) 100vw, 1280px\" \/><\/figure>\n<\/div>\n<\/div>\n","protected":false},"excerpt":{"rendered":"<p>Comment acheter un site web avec webwilly ? Souscrire \u00e0 l&rsquo;h\u00e9bergement de site Web En souscrivant \u00e0 un abonnement d&rsquo;h\u00e9bergement de site Web avec webwilly, vous acc\u00e9dez aux services de design de sites Web. Ajouter des pages de site Web \u00e0 votre site Web Vous pouvez acheter des pages de site Web individuelles \u00e0 ajouter [&hellip;]<\/p>\n","protected":false},"author":1,"featured_media":0,"parent":0,"menu_order":0,"comment_status":"closed","ping_status":"closed","template":"","meta":{"_genesis_hide_title":true,"_genesis_hide_breadcrumbs":true,"_genesis_hide_singular_image":true,"_genesis_hide_footer_widgets":false,"_genesis_custom_body_class":"","_genesis_custom_post_class":"","_genesis_layout":"full-width-content","footnotes":""},"class_list":{"0":"post-90","1":"page","2":"type-page","3":"status-publish","5":"entry"},"_links":{"self":[{"href":"http:\/\/client.webwilly.ca\/fr\/wp-json\/wp\/v2\/pages\/90","targetHints":{"allow":["GET"]}}],"collection":[{"href":"http:\/\/client.webwilly.ca\/fr\/wp-json\/wp\/v2\/pages"}],"about":[{"href":"http:\/\/client.webwilly.ca\/fr\/wp-json\/wp\/v2\/types\/page"}],"author":[{"embeddable":true,"href":"http:\/\/client.webwilly.ca\/fr\/wp-json\/wp\/v2\/users\/1"}],"replies":[{"embeddable":true,"href":"http:\/\/client.webwilly.ca\/fr\/wp-json\/wp\/v2\/comments?post=90"}],"version-history":[{"count":5,"href":"http:\/\/client.webwilly.ca\/fr\/wp-json\/wp\/v2\/pages\/90\/revisions"}],"predecessor-version":[{"id":483,"href":"http:\/\/client.webwilly.ca\/fr\/wp-json\/wp\/v2\/pages\/90\/revisions\/483"}],"wp:attachment":[{"href":"http:\/\/client.webwilly.ca\/fr\/wp-json\/wp\/v2\/media?parent=90"}],"curies":[{"name":"wp","href":"https:\/\/api.w.org\/{rel}","templated":true}]}}