{"id":516,"date":"2023-04-15T20:18:01","date_gmt":"2023-04-16T00:18:01","guid":{"rendered":"http:\/\/client.webwilly.ca\/regular-page-with-cover-image\/"},"modified":"2023-04-15T20:33:06","modified_gmt":"2023-04-16T00:33:06","slug":"regular-page-with-cover-image","status":"publish","type":"page","link":"http:\/\/client.webwilly.ca\/fr\/regular-page-with-cover-image\/","title":{"rendered":"Page normale avec image de couverture"},"content":{"rendered":"\n<div class=\"wp-block-cover alignfull is-light\"><span aria-hidden=\"true\" class=\"wp-block-cover__background has-background-dim-70 has-background-dim\" style=\"background-color:#ffffff\"><\/span><img loading=\"lazy\" decoding=\"async\" width=\"1280\" height=\"853\" class=\"wp-block-cover__image-background wp-image-68\" alt=\"\" src=\"http:\/\/client.webwilly.ca\/wp-content\/uploads\/2021\/09\/webwilly-marketing-services-1.jpg\" data-object-fit=\"cover\" srcset=\"http:\/\/client.webwilly.ca\/wp-content\/uploads\/2021\/09\/webwilly-marketing-services-1.jpg 1280w, http:\/\/client.webwilly.ca\/wp-content\/uploads\/2021\/09\/webwilly-marketing-services-1-300x200.jpg 300w, http:\/\/client.webwilly.ca\/wp-content\/uploads\/2021\/09\/webwilly-marketing-services-1-1024x682.jpg 1024w, http:\/\/client.webwilly.ca\/wp-content\/uploads\/2021\/09\/webwilly-marketing-services-1-768x512.jpg 768w, http:\/\/client.webwilly.ca\/wp-content\/uploads\/2021\/09\/webwilly-marketing-services-1-600x400.jpg 600w\" sizes=\"auto, (max-width: 1280px) 100vw, 1280px\" \/><div class=\"wp-block-cover__inner-container is-layout-flow wp-block-cover-is-layout-flow\">\n<div style=\"height:100px\" aria-hidden=\"true\" class=\"wp-block-spacer\"><\/div>\n\n\n\n<h2 class=\"wp-block-heading has-text-align-center has-theme-primary-color has-text-color\"><strong>Ajouter une image de couverture \u00e0 la page de votre site Web<\/strong><\/h2>\n\n\n\n<p class=\"has-text-align-center has-text-color\" style=\"color:#000000\"><strong>La page de votre site Web peut inclure une image de couverture avec du contenu superpos\u00e9.<\/strong><\/p>\n\n\n\n<div class=\"wp-block-buttons is-horizontal is-content-justification-center is-layout-flex wp-container-core-buttons-is-layout-499968f5 wp-block-buttons-is-layout-flex\">\n<div class=\"wp-block-button\"><a class=\"wp-block-button__link wp-element-button\">Cliquez ici<\/a><\/div>\n<\/div>\n\n\n\n<div style=\"height:100px\" aria-hidden=\"true\" class=\"wp-block-spacer\"><\/div>\n<\/div><\/div>\n\n<div style=\"height:50px\" aria-hidden=\"true\" class=\"wp-block-spacer\"><\/div>\n\n<div class=\"wp-block-columns has-2-columns is-layout-flex wp-container-core-columns-is-layout-9d6595d7 wp-block-columns-is-layout-flex\">\n<div class=\"wp-block-column is-layout-flow wp-block-column-is-layout-flow\">\n<h2 class=\"wp-block-heading has-text-align-left\">Conception \u00e0 deux colonnes<\/h2>\n\n\n\n<p>L&rsquo;un de nos designs pr\u00e9f\u00e9r\u00e9s est un design \u00e0 deux colonnes. C&rsquo;est utile d&rsquo;avoir un paragraphe d&rsquo;un c\u00f4t\u00e9 et une image \u00e0 c\u00f4t\u00e9. Le contenu de votre site Web sera plus facile \u00e0 lire s&rsquo;il est accompagn\u00e9 d&rsquo;une image.<\/p>\n<\/div>\n\n\n\n<div class=\"wp-block-column is-layout-flow wp-block-column-is-layout-flow\">\n<figure class=\"wp-block-image size-large\"><img loading=\"lazy\" decoding=\"async\" width=\"1024\" height=\"640\" src=\"http:\/\/client.webwilly.ca\/wp-content\/uploads\/2021\/09\/Website-Page-Design-1024x640.jpg\" alt=\"\" class=\"wp-image-28\" srcset=\"http:\/\/client.webwilly.ca\/wp-content\/uploads\/2021\/09\/Website-Page-Design-1024x640.jpg 1024w, http:\/\/client.webwilly.ca\/wp-content\/uploads\/2021\/09\/Website-Page-Design-300x188.jpg 300w, http:\/\/client.webwilly.ca\/wp-content\/uploads\/2021\/09\/Website-Page-Design-768x480.jpg 768w, http:\/\/client.webwilly.ca\/wp-content\/uploads\/2021\/09\/Website-Page-Design.jpg 1280w\" sizes=\"auto, (max-width: 1024px) 100vw, 1024px\" \/><\/figure>\n<\/div>\n<\/div>\n\n<div style=\"height:50px\" aria-hidden=\"true\" class=\"wp-block-spacer\"><\/div>\n\n<div class=\"wp-block-columns has-2-columns is-layout-flex wp-container-core-columns-is-layout-9d6595d7 wp-block-columns-is-layout-flex\">\n<div class=\"wp-block-column is-layout-flow wp-block-column-is-layout-flow\">\n<figure class=\"wp-block-image size-large\"><img loading=\"lazy\" decoding=\"async\" width=\"1024\" height=\"640\" src=\"http:\/\/client.webwilly.ca\/wp-content\/uploads\/2021\/09\/Website-Page-Design-2-1024x640.jpg\" alt=\"\" class=\"wp-image-167\" srcset=\"http:\/\/client.webwilly.ca\/wp-content\/uploads\/2021\/09\/Website-Page-Design-2-1024x640.jpg 1024w, http:\/\/client.webwilly.ca\/wp-content\/uploads\/2021\/09\/Website-Page-Design-2-300x188.jpg 300w, http:\/\/client.webwilly.ca\/wp-content\/uploads\/2021\/09\/Website-Page-Design-2-768x480.jpg 768w, http:\/\/client.webwilly.ca\/wp-content\/uploads\/2021\/09\/Website-Page-Design-2.jpg 1280w\" sizes=\"auto, (max-width: 1024px) 100vw, 1024px\" \/><\/figure>\n<\/div>\n\n\n\n<div class=\"wp-block-column is-layout-flow wp-block-column-is-layout-flow\">\n<h2 class=\"wp-block-heading has-text-align-left\">Conception \u00e0 deux colonnes, suite.<\/h2>\n\n\n\n<p>Vous pouvez ajouter le budget que vous souhaitez pour les images de stock lors de l&rsquo;achat d&rsquo;une nouvelle page de site Web. Minimum de 25$.<\/p>\n\n\n\n<p>Vous pouvez \u00e9galement ajouter du r\u00e9f\u00e9rencement sur la page pour am\u00e9liorer le r\u00e9f\u00e9rencement de cette page.<\/p>\n<\/div>\n<\/div>\n\n<h2 class=\"wp-block-heading has-text-align-left\">Bloc de couleur<\/h2>\n\n<div class=\"wp-block-group has-background\" style=\"background-color:#f5f5f5\"><div class=\"wp-block-group__inner-container is-layout-flow wp-block-group-is-layout-flow\">\n<div style=\"height:50px\" aria-hidden=\"true\" class=\"wp-block-spacer\"><\/div>\n\n\n\n<h2 class=\"wp-block-heading has-text-align-center has-theme-primary-color has-text-color\"><strong>Message important<\/strong><\/h2>\n\n\n\n<p class=\"has-text-align-center\">Ne manquez pas \u00e7a!<\/p>\n\n\n\n<div class=\"wp-block-buttons is-horizontal is-content-justification-center is-layout-flex wp-container-core-buttons-is-layout-499968f5 wp-block-buttons-is-layout-flex\">\n<div class=\"wp-block-button\"><a class=\"wp-block-button__link wp-element-button\">Cliquez ici<\/a><\/div>\n<\/div>\n\n\n\n<div style=\"height:50px\" aria-hidden=\"true\" class=\"wp-block-spacer\"><\/div>\n<\/div><\/div>\n\n<div style=\"height:50px\" aria-hidden=\"true\" class=\"wp-block-spacer\"><\/div>\n\n<h2 class=\"wp-block-heading has-text-align-left\">Galerie d&rsquo;images<\/h2>\n\n<p>Diff\u00e9rentes variantes de colonnes de galeries d&rsquo;images peuvent \u00eatre utilis\u00e9es. Les galeries d&rsquo;images peuvent \u00eatre utilis\u00e9es sur les pages de portfolio et une fonctionnalit\u00e9 de diaporama peut \u00eatre ajout\u00e9e.<\/p>\n\n<figure class=\"wp-block-gallery has-nested-images columns-4 is-cropped wp-block-gallery-1 is-layout-flex wp-block-gallery-is-layout-flex\">\n<figure class=\"wp-block-image size-large\"><img loading=\"lazy\" decoding=\"async\" width=\"1024\" height=\"682\" data-id=\"87\" src=\"http:\/\/client.webwilly.ca\/wp-content\/uploads\/2021\/09\/webwilly-business-profile-29-1024x682.jpg\" alt=\"\" class=\"wp-image-87\" srcset=\"http:\/\/client.webwilly.ca\/wp-content\/uploads\/2021\/09\/webwilly-business-profile-29-1024x682.jpg 1024w, http:\/\/client.webwilly.ca\/wp-content\/uploads\/2021\/09\/webwilly-business-profile-29-300x200.jpg 300w, http:\/\/client.webwilly.ca\/wp-content\/uploads\/2021\/09\/webwilly-business-profile-29-768x512.jpg 768w, http:\/\/client.webwilly.ca\/wp-content\/uploads\/2021\/09\/webwilly-business-profile-29-600x400.jpg 600w, http:\/\/client.webwilly.ca\/wp-content\/uploads\/2021\/09\/webwilly-business-profile-29.jpg 1280w\" sizes=\"auto, (max-width: 1024px) 100vw, 1024px\" \/><\/figure>\n\n\n\n<figure class=\"wp-block-image size-large\"><img loading=\"lazy\" decoding=\"async\" width=\"1024\" height=\"682\" data-id=\"85\" src=\"http:\/\/client.webwilly.ca\/wp-content\/uploads\/2021\/09\/webwilly-business-profile-42-1024x682.jpg\" alt=\"\" class=\"wp-image-85\" srcset=\"http:\/\/client.webwilly.ca\/wp-content\/uploads\/2021\/09\/webwilly-business-profile-42-1024x682.jpg 1024w, http:\/\/client.webwilly.ca\/wp-content\/uploads\/2021\/09\/webwilly-business-profile-42-300x200.jpg 300w, http:\/\/client.webwilly.ca\/wp-content\/uploads\/2021\/09\/webwilly-business-profile-42-768x512.jpg 768w, http:\/\/client.webwilly.ca\/wp-content\/uploads\/2021\/09\/webwilly-business-profile-42-600x400.jpg 600w, http:\/\/client.webwilly.ca\/wp-content\/uploads\/2021\/09\/webwilly-business-profile-42.jpg 1280w\" sizes=\"auto, (max-width: 1024px) 100vw, 1024px\" \/><\/figure>\n\n\n\n<figure class=\"wp-block-image size-large\"><img loading=\"lazy\" decoding=\"async\" width=\"1024\" height=\"682\" data-id=\"79\" src=\"http:\/\/client.webwilly.ca\/wp-content\/uploads\/2021\/09\/webwilly-business-profile-17-1024x682.jpg\" alt=\"\" class=\"wp-image-79\" srcset=\"http:\/\/client.webwilly.ca\/wp-content\/uploads\/2021\/09\/webwilly-business-profile-17-1024x682.jpg 1024w, http:\/\/client.webwilly.ca\/wp-content\/uploads\/2021\/09\/webwilly-business-profile-17-300x200.jpg 300w, http:\/\/client.webwilly.ca\/wp-content\/uploads\/2021\/09\/webwilly-business-profile-17-768x512.jpg 768w, http:\/\/client.webwilly.ca\/wp-content\/uploads\/2021\/09\/webwilly-business-profile-17-600x400.jpg 600w, http:\/\/client.webwilly.ca\/wp-content\/uploads\/2021\/09\/webwilly-business-profile-17.jpg 1280w\" sizes=\"auto, (max-width: 1024px) 100vw, 1024px\" \/><\/figure>\n\n\n\n<figure class=\"wp-block-image size-large\"><img loading=\"lazy\" decoding=\"async\" width=\"1024\" height=\"741\" data-id=\"77\" src=\"http:\/\/client.webwilly.ca\/wp-content\/uploads\/2021\/09\/webwilly-business-profile-12-1024x741.jpg\" alt=\"\" class=\"wp-image-77\" srcset=\"http:\/\/client.webwilly.ca\/wp-content\/uploads\/2021\/09\/webwilly-business-profile-12-1024x741.jpg 1024w, http:\/\/client.webwilly.ca\/wp-content\/uploads\/2021\/09\/webwilly-business-profile-12-300x217.jpg 300w, http:\/\/client.webwilly.ca\/wp-content\/uploads\/2021\/09\/webwilly-business-profile-12-768x556.jpg 768w, http:\/\/client.webwilly.ca\/wp-content\/uploads\/2021\/09\/webwilly-business-profile-12.jpg 1280w\" sizes=\"auto, (max-width: 1024px) 100vw, 1024px\" \/><\/figure>\n\n\n\n<figure class=\"wp-block-image size-large\"><img loading=\"lazy\" decoding=\"async\" width=\"1024\" height=\"640\" data-id=\"30\" src=\"http:\/\/client.webwilly.ca\/wp-content\/uploads\/2021\/09\/Website-Design-1024x640.jpg\" alt=\"\" class=\"wp-image-30\" srcset=\"http:\/\/client.webwilly.ca\/wp-content\/uploads\/2021\/09\/Website-Design-1024x640.jpg 1024w, http:\/\/client.webwilly.ca\/wp-content\/uploads\/2021\/09\/Website-Design-300x188.jpg 300w, http:\/\/client.webwilly.ca\/wp-content\/uploads\/2021\/09\/Website-Design-768x480.jpg 768w, http:\/\/client.webwilly.ca\/wp-content\/uploads\/2021\/09\/Website-Design.jpg 1280w\" sizes=\"auto, (max-width: 1024px) 100vw, 1024px\" \/><\/figure>\n\n\n\n<figure class=\"wp-block-image size-large\"><img loading=\"lazy\" decoding=\"async\" width=\"1024\" height=\"640\" data-id=\"28\" src=\"http:\/\/client.webwilly.ca\/wp-content\/uploads\/2021\/09\/Website-Page-Design-1024x640.jpg\" alt=\"\" class=\"wp-image-28\" srcset=\"http:\/\/client.webwilly.ca\/wp-content\/uploads\/2021\/09\/Website-Page-Design-1024x640.jpg 1024w, http:\/\/client.webwilly.ca\/wp-content\/uploads\/2021\/09\/Website-Page-Design-300x188.jpg 300w, http:\/\/client.webwilly.ca\/wp-content\/uploads\/2021\/09\/Website-Page-Design-768x480.jpg 768w, http:\/\/client.webwilly.ca\/wp-content\/uploads\/2021\/09\/Website-Page-Design.jpg 1280w\" sizes=\"auto, (max-width: 1024px) 100vw, 1024px\" \/><\/figure>\n\n\n\n<figure class=\"wp-block-image size-large\"><img loading=\"lazy\" decoding=\"async\" width=\"1024\" height=\"640\" data-id=\"26\" src=\"http:\/\/client.webwilly.ca\/wp-content\/uploads\/2021\/09\/Website-Hosting-1024x640.jpg\" alt=\"\" class=\"wp-image-26\" srcset=\"http:\/\/client.webwilly.ca\/wp-content\/uploads\/2021\/09\/Website-Hosting-1024x640.jpg 1024w, http:\/\/client.webwilly.ca\/wp-content\/uploads\/2021\/09\/Website-Hosting-300x188.jpg 300w, http:\/\/client.webwilly.ca\/wp-content\/uploads\/2021\/09\/Website-Hosting-768x480.jpg 768w, http:\/\/client.webwilly.ca\/wp-content\/uploads\/2021\/09\/Website-Hosting.jpg 1280w\" sizes=\"auto, (max-width: 1024px) 100vw, 1024px\" \/><\/figure>\n<\/figure>\n\n<div style=\"height:50px\" aria-hidden=\"true\" class=\"wp-block-spacer\"><\/div>\n\n<div class=\"wp-block-group has-background\" style=\"background:linear-gradient(135deg,rgb(255,245,203) 0%,rgb(182,227,212) 50%,rgb(0,103,115) 100%)\"><div class=\"wp-block-group__inner-container is-layout-flow wp-block-group-is-layout-flow\">\n<div style=\"height:50px\" aria-hidden=\"true\" class=\"wp-block-spacer\"><\/div>\n\n\n\n<h2 class=\"wp-block-heading has-text-align-center\"><strong>Ajouter une page de site Web<\/strong><\/h2>\n\n\n\n<p class=\"has-text-align-center has-theme-primary-color has-text-color\"><strong>Consultez notre service de conception de pages Web<\/strong><\/p>\n\n\n\n<div class=\"wp-block-buttons is-horizontal is-content-justification-center is-layout-flex wp-container-core-buttons-is-layout-499968f5 wp-block-buttons-is-layout-flex\">\n<div class=\"wp-block-button\"><a class=\"wp-block-button__link wp-element-button\" href=\"https:\/\/webwilly.ca\/fr\/acheter\/marketing-numerique\/services-de-design-de-site-web\/design-de-site-web\/page-de-site-web\/\" target=\"_blank\" rel=\"noreferrer noopener\">Conception de pages de site Web<\/a><\/div>\n<\/div>\n\n\n\n<div style=\"height:50px\" aria-hidden=\"true\" class=\"wp-block-spacer\"><\/div>\n<\/div><\/div>\n\n<p><\/p>\n","protected":false},"excerpt":{"rendered":"<p>Conception \u00e0 deux colonnes L&rsquo;un de nos designs pr\u00e9f\u00e9r\u00e9s est un design \u00e0 deux colonnes. C&rsquo;est utile d&rsquo;avoir un paragraphe d&rsquo;un c\u00f4t\u00e9 et une image \u00e0 c\u00f4t\u00e9. Le contenu de votre site Web sera plus facile \u00e0 lire s&rsquo;il est accompagn\u00e9 d&rsquo;une image. Conception \u00e0 deux colonnes, suite. Vous pouvez ajouter le budget que vous [&hellip;]<\/p>\n","protected":false},"author":1,"featured_media":0,"parent":0,"menu_order":0,"comment_status":"closed","ping_status":"closed","template":"","meta":{"_genesis_hide_title":false,"_genesis_hide_breadcrumbs":false,"_genesis_hide_singular_image":false,"_genesis_hide_footer_widgets":false,"_genesis_custom_body_class":"","_genesis_custom_post_class":"","_genesis_layout":"full-width-content","footnotes":""},"class_list":{"0":"post-516","1":"page","2":"type-page","3":"status-publish","5":"entry"},"_links":{"self":[{"href":"http:\/\/client.webwilly.ca\/fr\/wp-json\/wp\/v2\/pages\/516","targetHints":{"allow":["GET"]}}],"collection":[{"href":"http:\/\/client.webwilly.ca\/fr\/wp-json\/wp\/v2\/pages"}],"about":[{"href":"http:\/\/client.webwilly.ca\/fr\/wp-json\/wp\/v2\/types\/page"}],"author":[{"embeddable":true,"href":"http:\/\/client.webwilly.ca\/fr\/wp-json\/wp\/v2\/users\/1"}],"replies":[{"embeddable":true,"href":"http:\/\/client.webwilly.ca\/fr\/wp-json\/wp\/v2\/comments?post=516"}],"version-history":[{"count":3,"href":"http:\/\/client.webwilly.ca\/fr\/wp-json\/wp\/v2\/pages\/516\/revisions"}],"predecessor-version":[{"id":522,"href":"http:\/\/client.webwilly.ca\/fr\/wp-json\/wp\/v2\/pages\/516\/revisions\/522"}],"wp:attachment":[{"href":"http:\/\/client.webwilly.ca\/fr\/wp-json\/wp\/v2\/media?parent=516"}],"curies":[{"name":"wp","href":"https:\/\/api.w.org\/{rel}","templated":true}]}}