{"id":393,"date":"2021-09-06T12:00:18","date_gmt":"2021-09-06T16:00:18","guid":{"rendered":"http:\/\/client.webwilly.ca\/blog\/"},"modified":"2021-09-06T12:28:23","modified_gmt":"2021-09-06T16:28:23","slug":"blog","status":"publish","type":"page","link":"http:\/\/client.webwilly.ca\/fr\/blog\/","title":{"rendered":"Blog"},"content":{"rendered":"\n<div class=\"wp-block-query is-layout-flow wp-block-query-is-layout-flow\"><ul class=\"wp-block-post-template is-layout-flow wp-block-post-template-is-layout-flow\"><li class=\"wp-block-post post-424 post type-post status-publish format-standard has-post-thumbnail category-categorie-1 category-categorie-2 category-categorie-3 category-categorie-4 category-categorie-5 category-sous-categorie-1-1 category-sous-categorie-1-2 category-sous-categorie-1-3 entry\">\n<h2 class=\"wp-block-post-title\"><a href=\"http:\/\/client.webwilly.ca\/fr\/article-de-blog-2\/\" target=\"_self\" >Article de blog #2<\/a><\/h2>\n\n<figure class=\"aligncenter wp-block-post-featured-image\"><a href=\"http:\/\/client.webwilly.ca\/fr\/article-de-blog-2\/\" target=\"_self\"  ><img loading=\"lazy\" decoding=\"async\" width=\"2560\" height=\"1706\" src=\"http:\/\/client.webwilly.ca\/wp-content\/uploads\/2021\/09\/webwilly-client-website-scaled.jpg\" class=\"attachment-post-thumbnail size-post-thumbnail wp-post-image\" alt=\"Article de blog #2\" style=\"object-fit:cover;\" srcset=\"http:\/\/client.webwilly.ca\/wp-content\/uploads\/2021\/09\/webwilly-client-website-scaled.jpg 2560w, http:\/\/client.webwilly.ca\/wp-content\/uploads\/2021\/09\/webwilly-client-website-300x200.jpg 300w, http:\/\/client.webwilly.ca\/wp-content\/uploads\/2021\/09\/webwilly-client-website-1024x683.jpg 1024w, http:\/\/client.webwilly.ca\/wp-content\/uploads\/2021\/09\/webwilly-client-website-768x512.jpg 768w, http:\/\/client.webwilly.ca\/wp-content\/uploads\/2021\/09\/webwilly-client-website-1536x1024.jpg 1536w, http:\/\/client.webwilly.ca\/wp-content\/uploads\/2021\/09\/webwilly-client-website-2048x1365.jpg 2048w, http:\/\/client.webwilly.ca\/wp-content\/uploads\/2021\/09\/webwilly-client-website-600x400.jpg 600w\" sizes=\"auto, (max-width: 2560px) 100vw, 2560px\" \/><\/a><\/figure>\n\n<div class=\"wp-block-post-excerpt\"><p class=\"wp-block-post-excerpt__excerpt\">Design \u00e0 colonne unique Lorem ipsum dolor sit amet, consectetur adipiscing elit, sed do eiusmod tempor incididunt ut labore et dolore magna aliqua. Leo duis ut diam quam nulla porttitor massa. Eget nunc scelerisque viverra mauris in aliquam sem fringilla. Egestas integer eget aliquet nibh praesent tristique magna. Mauris augue neque gravida in fermentum et\u2026 <\/p><\/div>\n\n\n<hr class=\"wp-block-separator\"\/>\n\n\n<div class=\"wp-block-post-date\"><time datetime=\"2021-09-06T12:32:40-04:00\">6 septembre 2021<\/time><\/div>\n<\/li><li class=\"wp-block-post post-384 post type-post status-publish format-standard has-post-thumbnail category-categorie-1 category-categorie-2 category-categorie-3 category-categorie-4 category-categorie-5 category-sous-categorie-1-1 category-sous-categorie-1-2 category-sous-categorie-1-3 entry\">\n<h2 class=\"wp-block-post-title\"><a href=\"http:\/\/client.webwilly.ca\/fr\/article-de-blog-1\/\" target=\"_self\" >Article de blog #1<\/a><\/h2>\n\n<figure class=\"aligncenter wp-block-post-featured-image\"><a href=\"http:\/\/client.webwilly.ca\/fr\/article-de-blog-1\/\" target=\"_self\"  ><img loading=\"lazy\" decoding=\"async\" width=\"1280\" height=\"926\" src=\"http:\/\/client.webwilly.ca\/wp-content\/uploads\/2021\/09\/webwilly-business-profile-12.jpg\" class=\"attachment-post-thumbnail size-post-thumbnail wp-post-image\" alt=\"Article de blog #1\" style=\"object-fit:cover;\" srcset=\"http:\/\/client.webwilly.ca\/wp-content\/uploads\/2021\/09\/webwilly-business-profile-12.jpg 1280w, http:\/\/client.webwilly.ca\/wp-content\/uploads\/2021\/09\/webwilly-business-profile-12-300x217.jpg 300w, http:\/\/client.webwilly.ca\/wp-content\/uploads\/2021\/09\/webwilly-business-profile-12-1024x741.jpg 1024w, http:\/\/client.webwilly.ca\/wp-content\/uploads\/2021\/09\/webwilly-business-profile-12-768x556.jpg 768w\" sizes=\"auto, (max-width: 1280px) 100vw, 1280px\" \/><\/a><\/figure>\n\n<div class=\"wp-block-post-excerpt\"><p class=\"wp-block-post-excerpt__excerpt\">Bienvenue dans un article de blog Les articles de blog sont utilis\u00e9s par les entreprises pour partager des informations avec leur march\u00e9 cible en ligne et attirer de nouveaux visiteurs sur leur site Web \u00e0 l&rsquo;aide de Google. Dans un article de blog, la meilleure chose \u00e0 faire est de fournir un contenu de valeur,\u2026 <\/p><\/div>\n\n\n<hr class=\"wp-block-separator\"\/>\n\n\n<div class=\"wp-block-post-date\"><time datetime=\"2021-09-06T11:34:08-04:00\">6 septembre 2021<\/time><\/div>\n<\/li><\/ul><\/div>\n\n<p><\/p>\n","protected":false},"excerpt":{"rendered":"","protected":false},"author":1,"featured_media":0,"parent":0,"menu_order":0,"comment_status":"closed","ping_status":"closed","template":"","meta":{"_genesis_hide_title":false,"_genesis_hide_breadcrumbs":false,"_genesis_hide_singular_image":false,"_genesis_hide_footer_widgets":false,"_genesis_custom_body_class":"","_genesis_custom_post_class":"","_genesis_layout":"","footnotes":""},"class_list":{"0":"post-393","1":"page","2":"type-page","3":"status-publish","5":"entry"},"_links":{"self":[{"href":"http:\/\/client.webwilly.ca\/fr\/wp-json\/wp\/v2\/pages\/393","targetHints":{"allow":["GET"]}}],"collection":[{"href":"http:\/\/client.webwilly.ca\/fr\/wp-json\/wp\/v2\/pages"}],"about":[{"href":"http:\/\/client.webwilly.ca\/fr\/wp-json\/wp\/v2\/types\/page"}],"author":[{"embeddable":true,"href":"http:\/\/client.webwilly.ca\/fr\/wp-json\/wp\/v2\/users\/1"}],"replies":[{"embeddable":true,"href":"http:\/\/client.webwilly.ca\/fr\/wp-json\/wp\/v2\/comments?post=393"}],"version-history":[{"count":2,"href":"http:\/\/client.webwilly.ca\/fr\/wp-json\/wp\/v2\/pages\/393\/revisions"}],"predecessor-version":[{"id":423,"href":"http:\/\/client.webwilly.ca\/fr\/wp-json\/wp\/v2\/pages\/393\/revisions\/423"}],"wp:attachment":[{"href":"http:\/\/client.webwilly.ca\/fr\/wp-json\/wp\/v2\/media?parent=393"}],"curies":[{"name":"wp","href":"https:\/\/api.w.org\/{rel}","templated":true}]}}