{"id":238,"date":"2021-09-05T22:36:25","date_gmt":"2021-09-06T02:36:25","guid":{"rendered":"http:\/\/client.webwilly.ca\/a-propos-de-nous\/"},"modified":"2021-09-11T00:57:50","modified_gmt":"2021-09-11T04:57:50","slug":"a-propos-de-nous","status":"publish","type":"page","link":"http:\/\/client.webwilly.ca\/fr\/a-propos-de-nous\/","title":{"rendered":"\u00c0 propos de nous"},"content":{"rendered":"\n<div class=\"wp-block-image\"><figure class=\"aligncenter size-large\"><img loading=\"lazy\" decoding=\"async\" width=\"1024\" height=\"682\" src=\"http:\/\/client.webwilly.ca\/wp-content\/uploads\/2021\/09\/webwilly-marketing-services-1-1024x682.jpg\" alt=\"\" class=\"wp-image-69\" srcset=\"http:\/\/client.webwilly.ca\/wp-content\/uploads\/2021\/09\/webwilly-marketing-services-1-1024x682.jpg 1024w, http:\/\/client.webwilly.ca\/wp-content\/uploads\/2021\/09\/webwilly-marketing-services-1-300x200.jpg 300w, http:\/\/client.webwilly.ca\/wp-content\/uploads\/2021\/09\/webwilly-marketing-services-1-768x512.jpg 768w, http:\/\/client.webwilly.ca\/wp-content\/uploads\/2021\/09\/webwilly-marketing-services-1-600x400.jpg 600w, http:\/\/client.webwilly.ca\/wp-content\/uploads\/2021\/09\/webwilly-marketing-services-1.jpg 1280w\" sizes=\"auto, (max-width: 1024px) 100vw, 1024px\" \/><\/figure><\/div>\n\n<div class=\"wp-block-columns is-layout-flex wp-container-core-columns-is-layout-9d6595d7 wp-block-columns-is-layout-flex\">\n<div class=\"wp-block-column is-layout-flow wp-block-column-is-layout-flow\">\n<p>Votre site webwilly devrait avoir une page qui d\u00e9crit votre entreprise \u00e0 votre client\u00e8le. Cette page peut \u00eatre ajout\u00e9e \u00e0 votre site Web en achetant une page de site Web et en fournissant \u00e0 webwilly la description de votre entreprise. <a href=\"https:\/\/webwilly.ca\/fr\/acheter\/marketing-numerique\/design-de-site-web\/page-de-site-web\/\" target=\"_blank\" rel=\"noreferrer noopener\">Ajouter une page de site Web.<\/a><\/p>\n<\/div>\n\n\n\n<div class=\"wp-block-column is-layout-flow wp-block-column-is-layout-flow\">\n<h2 class=\"has-text-align-right wp-block-heading\" id=\"mce_9\">Contactez-nous<\/h2>\n\n\n\n<p class=\"has-text-align-right\"> 555.555.5555<\/p>\n\n\n\n<p class=\"has-text-align-right\">1234 Block Blvd.<br\/>A1A 1A1, Qu\u00e9bec, Canada <\/p>\n<\/div>\n<\/div>\n","protected":false},"excerpt":{"rendered":"<p>Votre site webwilly devrait avoir une page qui d\u00e9crit votre entreprise \u00e0 votre client\u00e8le. Cette page peut \u00eatre ajout\u00e9e \u00e0 votre site Web en achetant une page de site Web et en fournissant \u00e0 webwilly la description de votre entreprise. Ajouter une page de site Web. Contactez-nous 555.555.5555 1234 Block Blvd.A1A 1A1, Qu\u00e9bec, Canada<\/p>\n","protected":false},"author":1,"featured_media":13,"parent":0,"menu_order":0,"comment_status":"closed","ping_status":"closed","template":"","meta":{"_genesis_hide_title":false,"_genesis_hide_breadcrumbs":false,"_genesis_hide_singular_image":false,"_genesis_hide_footer_widgets":false,"_genesis_custom_body_class":"","_genesis_custom_post_class":"","_genesis_layout":"full-width-content","footnotes":""},"class_list":{"0":"post-238","1":"page","2":"type-page","3":"status-publish","4":"has-post-thumbnail","6":"entry"},"_links":{"self":[{"href":"http:\/\/client.webwilly.ca\/fr\/wp-json\/wp\/v2\/pages\/238","targetHints":{"allow":["GET"]}}],"collection":[{"href":"http:\/\/client.webwilly.ca\/fr\/wp-json\/wp\/v2\/pages"}],"about":[{"href":"http:\/\/client.webwilly.ca\/fr\/wp-json\/wp\/v2\/types\/page"}],"author":[{"embeddable":true,"href":"http:\/\/client.webwilly.ca\/fr\/wp-json\/wp\/v2\/users\/1"}],"replies":[{"embeddable":true,"href":"http:\/\/client.webwilly.ca\/fr\/wp-json\/wp\/v2\/comments?post=238"}],"version-history":[{"count":5,"href":"http:\/\/client.webwilly.ca\/fr\/wp-json\/wp\/v2\/pages\/238\/revisions"}],"predecessor-version":[{"id":465,"href":"http:\/\/client.webwilly.ca\/fr\/wp-json\/wp\/v2\/pages\/238\/revisions\/465"}],"wp:featuredmedia":[{"embeddable":true,"href":"http:\/\/client.webwilly.ca\/fr\/wp-json\/wp\/v2\/media\/13"}],"wp:attachment":[{"href":"http:\/\/client.webwilly.ca\/fr\/wp-json\/wp\/v2\/media?parent=238"}],"curies":[{"name":"wp","href":"https:\/\/api.w.org\/{rel}","templated":true}]}}